{"id":7,"date":"2016-06-20T14:10:23","date_gmt":"2016-06-20T19:10:23","guid":{"rendered":"http:\/\/planeaciondeespacios.com\/?page_id=7"},"modified":"2020-12-11T11:40:42","modified_gmt":"2020-12-11T17:40:42","slug":"services","status":"publish","type":"page","link":"https:\/\/planesp.com\/en\/services\/","title":{"rendered":"Services"},"content":{"rendered":"\n<div class=\"wp-block-zd-fullwidth fullwidth\">\n<div class=\"wp-block-zd-container  container py-4\">\n<div class=\"wp-block-zd-columns row\">\n<div class=\"wp-block-zd-column col-lg\">\n<ul class=\"wp-block-list\"><li>Arquitecture<\/li><li>Interior Design<\/li><li>Space Planing<\/li><li>Design Furniture<\/li><li>Feasibility Studies<\/li><li>Building Cost Estimation<\/li><li>Design<\/li><li>Construction<\/li><li>Art<\/li><li>Marking and Graphics<\/li><li>Perspectives and \/ or Renders<\/li><li>Simulators<\/li><li>Gardening<\/li><li>Remodeling<\/li><li>Furniture and Equipment<\/li><li>Supervision<\/li><\/ul>\n<\/div>\n\n\n\n<div class=\"wp-block-zd-column col-lg\">\n<figure class=\"wp-block-image size-large\"><img loading=\"lazy\" decoding=\"async\" width=\"768\" height=\"1024\" src=\"https:\/\/planesp.com\/en\/wp-content\/uploads\/2020\/12\/diseno_de_oficinas_corporativas_8-768x1024.jpg\" alt=\"\" class=\"wp-image-1724\" srcset=\"https:\/\/planesp.com\/en\/wp-content\/uploads\/2020\/12\/diseno_de_oficinas_corporativas_8-768x1024.jpg 768w, https:\/\/planesp.com\/en\/wp-content\/uploads\/2020\/12\/diseno_de_oficinas_corporativas_8-225x300.jpg 225w, https:\/\/planesp.com\/en\/wp-content\/uploads\/2020\/12\/diseno_de_oficinas_corporativas_8-1152x1536.jpg 1152w, https:\/\/planesp.com\/en\/wp-content\/uploads\/2020\/12\/diseno_de_oficinas_corporativas_8-560x747.jpg 560w, https:\/\/planesp.com\/en\/wp-content\/uploads\/2020\/12\/diseno_de_oficinas_corporativas_8-992x1323.jpg 992w, https:\/\/planesp.com\/en\/wp-content\/uploads\/2020\/12\/diseno_de_oficinas_corporativas_8-1170x1560.jpg 1170w, https:\/\/planesp.com\/en\/wp-content\/uploads\/2020\/12\/diseno_de_oficinas_corporativas_8.jpg 1350w\" sizes=\"auto, (max-width: 768px) 100vw, 768px\" \/><\/figure>\n<\/div>\n<\/div>\n<\/div>\n\n\n\n\n<\/div>\n\n\n\n<div class=\"wp-block-zd-fullwidth fullwidth\">\n<div class=\"wp-block-zd-container  container py-4\">\n<div class=\"wp-block-zd-columns row\">\n<div class=\"wp-block-zd-column col-lg\">\n<figure class=\"wp-block-image size-large\"><img loading=\"lazy\" decoding=\"async\" width=\"1024\" height=\"683\" src=\"https:\/\/planesp.com\/en\/wp-content\/uploads\/2020\/12\/rediseno_de_oficinas_Corporativas_2-1024x683.jpg\" alt=\"\" class=\"wp-image-1810\" srcset=\"https:\/\/planesp.com\/en\/wp-content\/uploads\/2020\/12\/rediseno_de_oficinas_Corporativas_2-1024x683.jpg 1024w, https:\/\/planesp.com\/en\/wp-content\/uploads\/2020\/12\/rediseno_de_oficinas_Corporativas_2-300x200.jpg 300w, https:\/\/planesp.com\/en\/wp-content\/uploads\/2020\/12\/rediseno_de_oficinas_Corporativas_2-768x512.jpg 768w, https:\/\/planesp.com\/en\/wp-content\/uploads\/2020\/12\/rediseno_de_oficinas_Corporativas_2-1536x1024.jpg 1536w, https:\/\/planesp.com\/en\/wp-content\/uploads\/2020\/12\/rediseno_de_oficinas_Corporativas_2-600x400.jpg 600w, https:\/\/planesp.com\/en\/wp-content\/uploads\/2020\/12\/rediseno_de_oficinas_Corporativas_2-560x373.jpg 560w, https:\/\/planesp.com\/en\/wp-content\/uploads\/2020\/12\/rediseno_de_oficinas_Corporativas_2-992x661.jpg 992w, https:\/\/planesp.com\/en\/wp-content\/uploads\/2020\/12\/rediseno_de_oficinas_Corporativas_2-1170x780.jpg 1170w, https:\/\/planesp.com\/en\/wp-content\/uploads\/2020\/12\/rediseno_de_oficinas_Corporativas_2.jpg 1800w\" sizes=\"auto, (max-width: 1024px) 100vw, 1024px\" \/><\/figure>\n<\/div>\n\n\n\n<div class=\"wp-block-zd-column col-lg\">\n<h3 class=\"wp-block-heading\">We provide services Management and Coordination Advisory Consultants in the following areas:<\/h3>\n\n\n\n<ul class=\"wp-block-list\"><li>Structural design<\/li><li>Electric engineering<\/li><li>Acoustic design<\/li><li>Elevator design<\/li><li>Voice and data<\/li><li>Telecommunications<\/li><li>Air conditioning<\/li><li>Sound systems<\/li><li>Kitchen Design and Equipment<\/li><li>Landscape Architecture<\/li><li>Lighting Design<\/li><li>Hydro \u2013 sanitary engineering<\/li><li>Security systems<\/li><li>Fire Protection<\/li><li>Computer systems and IT<\/li><\/ul>\n<\/div>\n<\/div>\n<\/div>\n<\/div>\n\n\n\n<div class=\"wp-block-zd-fullwidth fullwidth\">\n<div class=\"wp-block-zd-container  container py-4\">\n<div class=\"wp-block-zd-columns row\">\n<div class=\"wp-block-zd-column col-lg\">\n<h3 class=\"wp-block-heading\"><strong>Why work with us<\/strong><\/h3>\n\n\n\n<p>The experience of Planeacion de Espacios in solutions to space requirements, and development Project and Interior Design, allow us to immediately offer the following advantages:<\/p>\n\n\n\n<p>Maximize the use of space: higher performance area.<\/p>\n\n\n\n<p>Maximize distribution and corporate design your office will offer in the near future.<\/p>\n\n\n\n<p>Making the most of the \u201cstructure\u201d of the (s) Plant (s) Building in order to integrate into it from the point of view of Architectural Structural Design.<\/p>\n\n\n\n<p>Whether a store, an office building as an apartment building, have very different needs, however, all with great potential for optimization. This \u201cknowledge\u201d of each project is the one that guarantees your satisfaction as a customer.<\/p>\n\n\n\n<p>We handle everything \u2013 everything from workplace assessments and design to implementation and beyond. No random vendors.<\/p>\n\n\n\n<p>There are no deadlines in conflict or fluctuating costs.<\/p>\n\n\n\n<p>Everything is under one roof and a budget \u2013 yours.<\/p>\n<\/div>\n\n\n\n<div class=\"wp-block-zd-column col-lg\">\n<figure class=\"wp-block-image size-large\"><img loading=\"lazy\" decoding=\"async\" width=\"683\" height=\"1024\" src=\"https:\/\/planesp.com\/en\/wp-content\/uploads\/2020\/12\/rediseno_oficinas_empresariales_1-683x1024.jpg\" alt=\"\" class=\"wp-image-1875\" srcset=\"https:\/\/planesp.com\/en\/wp-content\/uploads\/2020\/12\/rediseno_oficinas_empresariales_1-683x1024.jpg 683w, https:\/\/planesp.com\/en\/wp-content\/uploads\/2020\/12\/rediseno_oficinas_empresariales_1-200x300.jpg 200w, https:\/\/planesp.com\/en\/wp-content\/uploads\/2020\/12\/rediseno_oficinas_empresariales_1-768x1152.jpg 768w, https:\/\/planesp.com\/en\/wp-content\/uploads\/2020\/12\/rediseno_oficinas_empresariales_1-1024x1536.jpg 1024w, https:\/\/planesp.com\/en\/wp-content\/uploads\/2020\/12\/rediseno_oficinas_empresariales_1-560x840.jpg 560w, https:\/\/planesp.com\/en\/wp-content\/uploads\/2020\/12\/rediseno_oficinas_empresariales_1-992x1488.jpg 992w, https:\/\/planesp.com\/en\/wp-content\/uploads\/2020\/12\/rediseno_oficinas_empresariales_1-1170x1755.jpg 1170w, https:\/\/planesp.com\/en\/wp-content\/uploads\/2020\/12\/rediseno_oficinas_empresariales_1.jpg 1200w\" sizes=\"auto, (max-width: 683px) 100vw, 683px\" \/><\/figure>\n<\/div>\n<\/div>\n<\/div>\n<\/div>\n\n\n\n<div class=\"wp-block-zd-fullwidth fullwidth\">\n<div class=\"wp-block-zd-container  container py-4\">\n<div class=\"wp-block-zd-columns row\">\n<div class=\"wp-block-zd-column col-lg\">\n<figure class=\"wp-block-image size-large\"><img loading=\"lazy\" decoding=\"async\" width=\"683\" height=\"1024\" src=\"https:\/\/planesp.com\/en\/wp-content\/uploads\/2020\/10\/rediseno_de_oficinas_Corporativas_14-1-683x1024.jpg\" alt=\"\" class=\"wp-image-1825\" srcset=\"https:\/\/planesp.com\/en\/wp-content\/uploads\/2020\/10\/rediseno_de_oficinas_Corporativas_14-1-683x1024.jpg 683w, https:\/\/planesp.com\/en\/wp-content\/uploads\/2020\/10\/rediseno_de_oficinas_Corporativas_14-1-200x300.jpg 200w, https:\/\/planesp.com\/en\/wp-content\/uploads\/2020\/10\/rediseno_de_oficinas_Corporativas_14-1-768x1152.jpg 768w, https:\/\/planesp.com\/en\/wp-content\/uploads\/2020\/10\/rediseno_de_oficinas_Corporativas_14-1-1024x1536.jpg 1024w, https:\/\/planesp.com\/en\/wp-content\/uploads\/2020\/10\/rediseno_de_oficinas_Corporativas_14-1-560x840.jpg 560w, https:\/\/planesp.com\/en\/wp-content\/uploads\/2020\/10\/rediseno_de_oficinas_Corporativas_14-1-992x1488.jpg 992w, https:\/\/planesp.com\/en\/wp-content\/uploads\/2020\/10\/rediseno_de_oficinas_Corporativas_14-1-1170x1755.jpg 1170w, https:\/\/planesp.com\/en\/wp-content\/uploads\/2020\/10\/rediseno_de_oficinas_Corporativas_14-1.jpg 1200w\" sizes=\"auto, (max-width: 683px) 100vw, 683px\" \/><\/figure>\n<\/div>\n\n\n\n<div class=\"wp-block-zd-column col-lg\">\n<h3 class=\"wp-block-heading\"><strong>Our Perfect Delivery&nbsp;Promise&nbsp;<\/strong><\/h3>\n\n\n\n<p>We are so confident that we will end its new offices at the time and budget that will guarantee it. That is our&nbsp;commitment, obviously taking the same commitment from our customers to respect initially established decisions. We are open to continue service to the successive needs.<\/p>\n\n\n\n<p><strong>How many companies can promise you that?<\/strong><\/p>\n\n\n\n<p>The experience of over 33 years \u2013 what have we been doing all this time? Simple \u2013 we\u2019ve been perfecting the process of time-efficiency, smoothly and profitably for the transformation of the offices or spaces.<\/p>\n\n\n\n<p>A job, a contact \u2013 we assign a special contact for the entire process.<br \/>Your&nbsp;project has its own responsible contact. In case of any problem, he takes care of these, leaving you free to continue with the rest of your&nbsp;work.<\/p>\n\n\n\n<p>We transform your entire business, not just their offices \u2013 it is our mission \u2013 to be avant-garde in design offices, space planning and relocation specialists and furnished offices coupling. And we\u2019ve been doing for over 32 years now, so we\u2019ve become &nbsp;pretty good at it.<\/p>\n<\/div>\n<\/div>\n<\/div>\n<\/div>\n\n\n\n\n","protected":false},"excerpt":{"rendered":"","protected":false},"author":1,"featured_media":0,"parent":0,"menu_order":0,"comment_status":"closed","ping_status":"closed","template":"","meta":{"_joinchat":[],"footnotes":""},"class_list":["post-7","page","type-page","status-publish","hentry"],"yoast_head":"<!-- This site is optimized with the Yoast SEO plugin v27.5 - https:\/\/yoast.com\/product\/yoast-seo-wordpress\/ -->\n<title>Remodelaci\u00f3n de oficinas, Oficinas llave en mano en mexico<\/title>\n<meta name=\"description\" content=\"Remodelaci\u00f3n de oficinas, Oficinas llave en mano en mexico, dise\u00f1o de oficinas mexico, remodelaciones de oficnas en mexico\" \/>\n<meta name=\"robots\" content=\"index, follow, max-snippet:-1, max-image-preview:large, max-video-preview:-1\" \/>\n<link rel=\"canonical\" href=\"https:\/\/planesp.com\/en\/services\/\" \/>\n<meta property=\"og:locale\" content=\"en_US\" \/>\n<meta property=\"og:type\" content=\"article\" \/>\n<meta property=\"og:title\" content=\"Remodelaci\u00f3n de oficinas, Oficinas llave en mano en mexico\" \/>\n<meta property=\"og:description\" content=\"Remodelaci\u00f3n de oficinas, Oficinas llave en mano en mexico, dise\u00f1o de oficinas mexico, remodelaciones de oficnas en mexico\" \/>\n<meta property=\"og:url\" content=\"https:\/\/planesp.com\/en\/services\/\" \/>\n<meta property=\"og:site_name\" content=\"Planeaci\u00f3n de Espacios\" \/>\n<meta property=\"article:publisher\" content=\"http:\/\/facebook.com\/planeaciondeespacios\" \/>\n<meta property=\"article:modified_time\" content=\"2020-12-11T17:40:42+00:00\" \/>\n<meta property=\"og:image\" content=\"https:\/\/planesp.com\/en\/wp-content\/uploads\/2020\/12\/diseno_de_oficinas_corporativas_8-768x1024.jpg\" \/>\n<meta name=\"twitter:card\" content=\"summary_large_image\" \/>\n<meta name=\"twitter:site\" content=\"@planeacionesp\" \/>\n<meta name=\"twitter:label1\" content=\"Est. reading time\" \/>\n\t<meta name=\"twitter:data1\" content=\"2 minutes\" \/>\n<script type=\"application\/ld+json\" class=\"yoast-schema-graph\">{\"@context\":\"https:\\\/\\\/schema.org\",\"@graph\":[{\"@type\":\"WebPage\",\"@id\":\"https:\\\/\\\/planesp.com\\\/en\\\/services\\\/\",\"url\":\"https:\\\/\\\/planesp.com\\\/en\\\/services\\\/\",\"name\":\"Remodelaci\u00f3n de oficinas, Oficinas llave en mano en mexico\",\"isPartOf\":{\"@id\":\"https:\\\/\\\/planesp.com\\\/en\\\/#website\"},\"primaryImageOfPage\":{\"@id\":\"https:\\\/\\\/planesp.com\\\/en\\\/services\\\/#primaryimage\"},\"image\":{\"@id\":\"https:\\\/\\\/planesp.com\\\/en\\\/services\\\/#primaryimage\"},\"thumbnailUrl\":\"https:\\\/\\\/planesp.com\\\/en\\\/wp-content\\\/uploads\\\/2020\\\/12\\\/diseno_de_oficinas_corporativas_8-768x1024.jpg\",\"datePublished\":\"2016-06-20T19:10:23+00:00\",\"dateModified\":\"2020-12-11T17:40:42+00:00\",\"description\":\"Remodelaci\u00f3n de oficinas, Oficinas llave en mano en mexico, dise\u00f1o de oficinas mexico, remodelaciones de oficnas en mexico\",\"breadcrumb\":{\"@id\":\"https:\\\/\\\/planesp.com\\\/en\\\/services\\\/#breadcrumb\"},\"inLanguage\":\"en-US\",\"potentialAction\":[{\"@type\":\"ReadAction\",\"target\":[\"https:\\\/\\\/planesp.com\\\/en\\\/services\\\/\"]}]},{\"@type\":\"ImageObject\",\"inLanguage\":\"en-US\",\"@id\":\"https:\\\/\\\/planesp.com\\\/en\\\/services\\\/#primaryimage\",\"url\":\"https:\\\/\\\/planesp.com\\\/en\\\/wp-content\\\/uploads\\\/2020\\\/12\\\/diseno_de_oficinas_corporativas_8.jpg\",\"contentUrl\":\"https:\\\/\\\/planesp.com\\\/en\\\/wp-content\\\/uploads\\\/2020\\\/12\\\/diseno_de_oficinas_corporativas_8.jpg\",\"width\":1350,\"height\":1800},{\"@type\":\"BreadcrumbList\",\"@id\":\"https:\\\/\\\/planesp.com\\\/en\\\/services\\\/#breadcrumb\",\"itemListElement\":[{\"@type\":\"ListItem\",\"position\":1,\"name\":\"Portada\",\"item\":\"https:\\\/\\\/planesp.com\\\/en\\\/\"},{\"@type\":\"ListItem\",\"position\":2,\"name\":\"Services\"}]},{\"@type\":\"WebSite\",\"@id\":\"https:\\\/\\\/planesp.com\\\/en\\\/#website\",\"url\":\"https:\\\/\\\/planesp.com\\\/en\\\/\",\"name\":\"Planeaci\u00f3n de Espacios\",\"description\":\"Especialistas en Dise\u00f1o de Oficinas\",\"publisher\":{\"@id\":\"https:\\\/\\\/planesp.com\\\/en\\\/#organization\"},\"potentialAction\":[{\"@type\":\"SearchAction\",\"target\":{\"@type\":\"EntryPoint\",\"urlTemplate\":\"https:\\\/\\\/planesp.com\\\/en\\\/?s={search_term_string}\"},\"query-input\":{\"@type\":\"PropertyValueSpecification\",\"valueRequired\":true,\"valueName\":\"search_term_string\"}}],\"inLanguage\":\"en-US\"},{\"@type\":\"Organization\",\"@id\":\"https:\\\/\\\/planesp.com\\\/en\\\/#organization\",\"name\":\"Planeaci\u00f3n de Espacios\",\"url\":\"https:\\\/\\\/planesp.com\\\/en\\\/\",\"logo\":{\"@type\":\"ImageObject\",\"inLanguage\":\"en-US\",\"@id\":\"https:\\\/\\\/planesp.com\\\/en\\\/#\\\/schema\\\/logo\\\/image\\\/\",\"url\":\"https:\\\/\\\/planesp.com\\\/en\\\/wp-content\\\/uploads\\\/2016\\\/06\\\/logo-pe-login.jpg\",\"contentUrl\":\"https:\\\/\\\/planesp.com\\\/en\\\/wp-content\\\/uploads\\\/2016\\\/06\\\/logo-pe-login.jpg\",\"width\":250,\"height\":80,\"caption\":\"Planeaci\u00f3n de Espacios\"},\"image\":{\"@id\":\"https:\\\/\\\/planesp.com\\\/en\\\/#\\\/schema\\\/logo\\\/image\\\/\"},\"sameAs\":[\"http:\\\/\\\/facebook.com\\\/planeaciondeespacios\",\"https:\\\/\\\/x.com\\\/planeacionesp\",\"https:\\\/\\\/www.instagram.com\\\/planeaciondeespacios\\\/\",\"https:\\\/\\\/www.linkedin.com\\\/company\\\/planeaci\u00f3n-de-espacios-s-a--de-c-v-\\\/\"]}]}<\/script>\n<!-- \/ Yoast SEO plugin. -->","yoast_head_json":{"title":"Remodelaci\u00f3n de oficinas, Oficinas llave en mano en mexico","description":"Remodelaci\u00f3n de oficinas, Oficinas llave en mano en mexico, dise\u00f1o de oficinas mexico, remodelaciones de oficnas en mexico","robots":{"index":"index","follow":"follow","max-snippet":"max-snippet:-1","max-image-preview":"max-image-preview:large","max-video-preview":"max-video-preview:-1"},"canonical":"https:\/\/planesp.com\/en\/services\/","og_locale":"en_US","og_type":"article","og_title":"Remodelaci\u00f3n de oficinas, Oficinas llave en mano en mexico","og_description":"Remodelaci\u00f3n de oficinas, Oficinas llave en mano en mexico, dise\u00f1o de oficinas mexico, remodelaciones de oficnas en mexico","og_url":"https:\/\/planesp.com\/en\/services\/","og_site_name":"Planeaci\u00f3n de Espacios","article_publisher":"http:\/\/facebook.com\/planeaciondeespacios","article_modified_time":"2020-12-11T17:40:42+00:00","og_image":[{"url":"https:\/\/planesp.com\/en\/wp-content\/uploads\/2020\/12\/diseno_de_oficinas_corporativas_8-768x1024.jpg","type":"","width":"","height":""}],"twitter_card":"summary_large_image","twitter_site":"@planeacionesp","twitter_misc":{"Est. reading time":"2 minutes"},"schema":{"@context":"https:\/\/schema.org","@graph":[{"@type":"WebPage","@id":"https:\/\/planesp.com\/en\/services\/","url":"https:\/\/planesp.com\/en\/services\/","name":"Remodelaci\u00f3n de oficinas, Oficinas llave en mano en mexico","isPartOf":{"@id":"https:\/\/planesp.com\/en\/#website"},"primaryImageOfPage":{"@id":"https:\/\/planesp.com\/en\/services\/#primaryimage"},"image":{"@id":"https:\/\/planesp.com\/en\/services\/#primaryimage"},"thumbnailUrl":"https:\/\/planesp.com\/en\/wp-content\/uploads\/2020\/12\/diseno_de_oficinas_corporativas_8-768x1024.jpg","datePublished":"2016-06-20T19:10:23+00:00","dateModified":"2020-12-11T17:40:42+00:00","description":"Remodelaci\u00f3n de oficinas, Oficinas llave en mano en mexico, dise\u00f1o de oficinas mexico, remodelaciones de oficnas en mexico","breadcrumb":{"@id":"https:\/\/planesp.com\/en\/services\/#breadcrumb"},"inLanguage":"en-US","potentialAction":[{"@type":"ReadAction","target":["https:\/\/planesp.com\/en\/services\/"]}]},{"@type":"ImageObject","inLanguage":"en-US","@id":"https:\/\/planesp.com\/en\/services\/#primaryimage","url":"https:\/\/planesp.com\/en\/wp-content\/uploads\/2020\/12\/diseno_de_oficinas_corporativas_8.jpg","contentUrl":"https:\/\/planesp.com\/en\/wp-content\/uploads\/2020\/12\/diseno_de_oficinas_corporativas_8.jpg","width":1350,"height":1800},{"@type":"BreadcrumbList","@id":"https:\/\/planesp.com\/en\/services\/#breadcrumb","itemListElement":[{"@type":"ListItem","position":1,"name":"Portada","item":"https:\/\/planesp.com\/en\/"},{"@type":"ListItem","position":2,"name":"Services"}]},{"@type":"WebSite","@id":"https:\/\/planesp.com\/en\/#website","url":"https:\/\/planesp.com\/en\/","name":"Planeaci\u00f3n de Espacios","description":"Especialistas en Dise\u00f1o de Oficinas","publisher":{"@id":"https:\/\/planesp.com\/en\/#organization"},"potentialAction":[{"@type":"SearchAction","target":{"@type":"EntryPoint","urlTemplate":"https:\/\/planesp.com\/en\/?s={search_term_string}"},"query-input":{"@type":"PropertyValueSpecification","valueRequired":true,"valueName":"search_term_string"}}],"inLanguage":"en-US"},{"@type":"Organization","@id":"https:\/\/planesp.com\/en\/#organization","name":"Planeaci\u00f3n de Espacios","url":"https:\/\/planesp.com\/en\/","logo":{"@type":"ImageObject","inLanguage":"en-US","@id":"https:\/\/planesp.com\/en\/#\/schema\/logo\/image\/","url":"https:\/\/planesp.com\/en\/wp-content\/uploads\/2016\/06\/logo-pe-login.jpg","contentUrl":"https:\/\/planesp.com\/en\/wp-content\/uploads\/2016\/06\/logo-pe-login.jpg","width":250,"height":80,"caption":"Planeaci\u00f3n de Espacios"},"image":{"@id":"https:\/\/planesp.com\/en\/#\/schema\/logo\/image\/"},"sameAs":["http:\/\/facebook.com\/planeaciondeespacios","https:\/\/x.com\/planeacionesp","https:\/\/www.instagram.com\/planeaciondeespacios\/","https:\/\/www.linkedin.com\/company\/planeaci\u00f3n-de-espacios-s-a--de-c-v-\/"]}]}},"_links":{"self":[{"href":"https:\/\/planesp.com\/en\/wp-json\/wp\/v2\/pages\/7","targetHints":{"allow":["GET"]}}],"collection":[{"href":"https:\/\/planesp.com\/en\/wp-json\/wp\/v2\/pages"}],"about":[{"href":"https:\/\/planesp.com\/en\/wp-json\/wp\/v2\/types\/page"}],"author":[{"embeddable":true,"href":"https:\/\/planesp.com\/en\/wp-json\/wp\/v2\/users\/1"}],"replies":[{"embeddable":true,"href":"https:\/\/planesp.com\/en\/wp-json\/wp\/v2\/comments?post=7"}],"version-history":[{"count":80,"href":"https:\/\/planesp.com\/en\/wp-json\/wp\/v2\/pages\/7\/revisions"}],"predecessor-version":[{"id":3205,"href":"https:\/\/planesp.com\/en\/wp-json\/wp\/v2\/pages\/7\/revisions\/3205"}],"wp:attachment":[{"href":"https:\/\/planesp.com\/en\/wp-json\/wp\/v2\/media?parent=7"}],"curies":[{"name":"wp","href":"https:\/\/api.w.org\/{rel}","templated":true}]}}